{"id":473,"date":"2023-01-10T19:31:21","date_gmt":"2023-01-10T18:31:21","guid":{"rendered":"http:\/\/agademo.youareontheweb.fr\/?page_id=473"},"modified":"2023-02-11T17:16:40","modified_gmt":"2023-02-11T16:16:40","slug":"samuel-auger","status":"publish","type":"page","link":"https:\/\/avant-garde-avocats.com\/en\/samuel-auger\/","title":{"rendered":"Samuel Auger"},"content":{"rendered":"<div data-elementor-type=\"wp-page\" data-elementor-id=\"473\" class=\"elementor elementor-473\">\n\t\t\t\t\t\t<section class=\"elementor-section elementor-top-section elementor-element elementor-element-2f0303ce elementor-section-height-min-height elementor-section-boxed elementor-section-height-default elementor-section-items-middle\" data-id=\"2f0303ce\" data-element_type=\"section\" data-e-type=\"section\" data-settings=\"{&quot;background_background&quot;:&quot;classic&quot;}\">\n\t\t\t\t\t\t<div class=\"elementor-container elementor-column-gap-wider\">\n\t\t\t\t\t<div class=\"elementor-column elementor-col-50 elementor-top-column elementor-element elementor-element-372845dd\" data-id=\"372845dd\" data-element_type=\"column\" data-e-type=\"column\">\n\t\t\t<div class=\"elementor-widget-wrap elementor-element-populated\">\n\t\t\t\t\t\t<div class=\"elementor-element elementor-element-d0a20b6 elementor-widget elementor-widget-image\" data-id=\"d0a20b6\" data-element_type=\"widget\" data-e-type=\"widget\" data-widget_type=\"image.default\">\n\t\t\t\t\t\t\t\t\t\t\t\t\t\t\t<img fetchpriority=\"high\" decoding=\"async\" data-attachment-id=\"475\" data-permalink=\"https:\/\/avant-garde-avocats.com\/en\/samuel-auger\/me-samuel-auger_jpg\/\" data-orig-file=\"https:\/\/i0.wp.com\/avant-garde-avocats.com\/wp-content\/uploads\/2023\/01\/Me-Samuel-AUGER_JPG.webp?fit=503%2C460&amp;ssl=1\" data-orig-size=\"503,460\" data-comments-opened=\"1\" data-image-meta=\"{&quot;aperture&quot;:&quot;0&quot;,&quot;credit&quot;:&quot;&quot;,&quot;camera&quot;:&quot;&quot;,&quot;caption&quot;:&quot;&quot;,&quot;created_timestamp&quot;:&quot;0&quot;,&quot;copyright&quot;:&quot;&quot;,&quot;focal_length&quot;:&quot;0&quot;,&quot;iso&quot;:&quot;0&quot;,&quot;shutter_speed&quot;:&quot;0&quot;,&quot;title&quot;:&quot;&quot;,&quot;orientation&quot;:&quot;0&quot;}\" data-image-title=\"Me Samuel AUGER_JPG\" data-image-description=\"\" data-image-caption=\"\" data-large-file=\"https:\/\/i0.wp.com\/avant-garde-avocats.com\/wp-content\/uploads\/2023\/01\/Me-Samuel-AUGER_JPG.webp?fit=503%2C460&amp;ssl=1\" width=\"503\" height=\"460\" src=\"https:\/\/i0.wp.com\/avant-garde-avocats.com\/wp-content\/uploads\/2023\/01\/Me-Samuel-AUGER_JPG.webp?fit=503%2C460&amp;ssl=1\" class=\"attachment-full size-full wp-image-475\" alt=\"\" srcset=\"https:\/\/i0.wp.com\/avant-garde-avocats.com\/wp-content\/uploads\/2023\/01\/Me-Samuel-AUGER_JPG.webp?w=503&amp;ssl=1 503w, https:\/\/i0.wp.com\/avant-garde-avocats.com\/wp-content\/uploads\/2023\/01\/Me-Samuel-AUGER_JPG.webp?resize=300%2C274&amp;ssl=1 300w, https:\/\/i0.wp.com\/avant-garde-avocats.com\/wp-content\/uploads\/2023\/01\/Me-Samuel-AUGER_JPG.webp?resize=383%2C350&amp;ssl=1 383w\" sizes=\"(max-width: 503px) 100vw, 503px\" \/>\t\t\t\t\t\t\t\t\t\t\t\t\t\t\t<\/div>\n\t\t\t\t\t<\/div>\n\t\t<\/div>\n\t\t\t\t<div class=\"elementor-column elementor-col-50 elementor-top-column elementor-element elementor-element-52d13ca3\" data-id=\"52d13ca3\" data-element_type=\"column\" data-e-type=\"column\">\n\t\t\t<div class=\"elementor-widget-wrap elementor-element-populated\">\n\t\t\t\t\t\t<div class=\"elementor-element elementor-element-476b3600 elementor-widget elementor-widget-heading\" data-id=\"476b3600\" data-element_type=\"widget\" data-e-type=\"widget\" data-widget_type=\"heading.default\">\n\t\t\t\t\t<h1 class=\"elementor-heading-title elementor-size-default\">Samuel Auger<\/h1>\t\t\t\t<\/div>\n\t\t\t\t\t<\/div>\n\t\t<\/div>\n\t\t\t\t\t<\/div>\n\t\t<\/section>\n\t\t\t\t<section class=\"elementor-section elementor-top-section elementor-element elementor-element-6c19e165 elementor-section-boxed elementor-section-height-default elementor-section-height-default\" data-id=\"6c19e165\" data-element_type=\"section\" data-e-type=\"section\">\n\t\t\t\t\t\t<div class=\"elementor-container elementor-column-gap-default\">\n\t\t\t\t\t<div class=\"elementor-column elementor-col-100 elementor-top-column elementor-element elementor-element-5dca7979\" data-id=\"5dca7979\" data-element_type=\"column\" data-e-type=\"column\">\n\t\t\t<div class=\"elementor-widget-wrap elementor-element-populated\">\n\t\t\t\t\t\t<div class=\"elementor-element elementor-element-2083747a elementor-widget elementor-widget-heading\" data-id=\"2083747a\" data-element_type=\"widget\" data-e-type=\"widget\" data-widget_type=\"heading.default\">\n\t\t\t\t\t<h3 class=\"elementor-heading-title elementor-size-default\">In regards to<\/h3>\t\t\t\t<\/div>\n\t\t\t\t<div class=\"elementor-element elementor-element-7203a483 elementor-widget elementor-widget-text-editor\" data-id=\"7203a483\" data-element_type=\"widget\" data-e-type=\"widget\" data-widget_type=\"text-editor.default\">\n\t\t\t\t\t\t\t\t\t<p>Me Samuel AUGER has been working as an associate notary at the Victoires notaires associ\u00e9s office since 2013. <br \/><a href=\"https:\/\/victoires-notaires-paris.notaires.fr\">https:\/\/victoires-notaires-paris.notaires.fr<\/a><\/p><p>\u200b<\/p><p>Specialist in family law, successions and gifts for artists and authors from all fields of art, he has developed with Me Ingrid-Mery Haziot, an expertise in advice and drafting of deeds as close as possible to the needs and questions regarding artistic and intellectual heritage and notarial deeds concerning copyright.<\/p><p>\u200b<\/p><p>It follows the innovations proposed by Blockchain, NFT and smart contact tools and the work of the innovation group within the notariat.<\/p><p>\u200b<\/p><p>Member of the Art and Law Association, he intervenes on the specific questions of artist committees, foundations and estates and participates within it in the work of the NFT regulatory commission founded in 2022.<\/p>\t\t\t\t\t\t\t\t<\/div>\n\t\t\t\t\t<\/div>\n\t\t<\/div>\n\t\t\t\t\t<\/div>\n\t\t<\/section>\n\t\t\t\t<section class=\"elementor-section elementor-top-section elementor-element elementor-element-1a6dedbf elementor-section-boxed elementor-section-height-default elementor-section-height-default\" data-id=\"1a6dedbf\" data-element_type=\"section\" data-e-type=\"section\" id=\"xs_cta_style_15\">\n\t\t\t\t\t\t<div class=\"elementor-container elementor-column-gap-default\">\n\t\t\t\t\t<div class=\"elementor-column elementor-col-100 elementor-top-column elementor-element elementor-element-3e7c4086\" data-id=\"3e7c4086\" data-element_type=\"column\" data-e-type=\"column\">\n\t\t\t<div class=\"elementor-widget-wrap elementor-element-populated\">\n\t\t\t\t\t\t<div class=\"elementor-element elementor-element-40401b23 elementor-align--mobilecenter elementor-align-center elementor-widget elementor-widget-elementskit-button\" data-id=\"40401b23\" data-element_type=\"widget\" data-e-type=\"widget\" data-widget_type=\"elementskit-button.default\">\n\t\t\t\t\t<div class=\"ekit-wid-con\" >\t\t<div class=\"ekit-btn-wraper\">\n\t\t\t\t\t\t\t<a href=\"http:\/\/avant-garde-avocats.com\/en\/contact\/\" class=\"elementskit-btn  whitespace--normal\" id=\"\">\n\t\t\t\t\tContact\t\t\t\t<\/a>\n\t\t\t\t\t<\/div>\n        <\/div>\t\t\t\t<\/div>\n\t\t\t\t\t<\/div>\n\t\t<\/div>\n\t\t\t\t\t<\/div>\n\t\t<\/section>\n\t\t\t\t<\/div>","protected":false},"excerpt":{"rendered":"<p>Samuel Auger About Me Samuel AUGER has been working as an associate notary at the Victoires notaires associ\u00e9s office since 2013. https:\/\/victoires-notaires-paris.notaires.fr \u200b Specialist in family law, inheritance and liberalities for artists and authors of all fields of Art, he has developed with \u2026<\/p>","protected":false},"author":1,"featured_media":0,"parent":0,"menu_order":0,"comment_status":"closed","ping_status":"closed","template":"elementor_header_footer","meta":{"footnotes":"","_links_to":"","_links_to_target":""},"class_list":["post-473","page","type-page","status-publish","hentry"],"yoast_head":"<!-- This site is optimized with the Yoast SEO plugin v27.4 - https:\/\/yoast.com\/product\/yoast-seo-wordpress\/ -->\n<title>Samuel Auger - Avant-Garde Avocats<\/title>\n<meta name=\"robots\" content=\"index, follow, max-snippet:-1, max-image-preview:large, max-video-preview:-1\" \/>\n<link rel=\"canonical\" href=\"https:\/\/avant-garde-avocats.com\/en\/samuel-auger\/\" \/>\n<meta property=\"og:locale\" content=\"en_GB\" \/>\n<meta property=\"og:type\" content=\"article\" \/>\n<meta property=\"og:title\" content=\"Samuel Auger - Avant-Garde Avocats\" \/>\n<meta property=\"og:description\" content=\"Samuel Auger \u00c0 propos Me Samuel AUGER exerce en qualit\u00e9 de de notaire associ\u00e9 au sein de l&rsquo;office Victoires notaires associ\u00e9s depuis 2013. https:\/\/victoires-notaires-paris.notaires.fr \u200b Sp\u00e9cialiste de droit de la famille, des successions et lib\u00e9ralit\u00e9s pour les artistes et auteurs de tous les domaines de l\u2019Art, il a d\u00e9velopp\u00e9 avec &hellip;\" \/>\n<meta property=\"og:url\" content=\"https:\/\/avant-garde-avocats.com\/en\/samuel-auger\/\" \/>\n<meta property=\"og:site_name\" content=\"Avant-Garde Avocats\" \/>\n<meta property=\"article:modified_time\" content=\"2023-02-11T16:16:40+00:00\" \/>\n<meta property=\"og:image\" content=\"https:\/\/avant-garde-avocats.com\/wp-content\/uploads\/2023\/01\/Me-Samuel-AUGER_JPG.webp\" \/>\n<meta name=\"twitter:card\" content=\"summary_large_image\" \/>\n<meta name=\"twitter:label1\" content=\"Estimated reading time\" \/>\n\t<meta name=\"twitter:data1\" content=\"1 minute\" \/>\n<script type=\"application\/ld+json\" class=\"yoast-schema-graph\">{\"@context\":\"https:\\\/\\\/schema.org\",\"@graph\":[{\"@type\":\"WebPage\",\"@id\":\"https:\\\/\\\/avant-garde-avocats.com\\\/en\\\/samuel-auger\\\/\",\"url\":\"https:\\\/\\\/avant-garde-avocats.com\\\/en\\\/samuel-auger\\\/\",\"name\":\"Samuel Auger - Avant-Garde Avocats\",\"isPartOf\":{\"@id\":\"https:\\\/\\\/avant-garde-avocats.com\\\/#website\"},\"primaryImageOfPage\":{\"@id\":\"https:\\\/\\\/avant-garde-avocats.com\\\/en\\\/samuel-auger\\\/#primaryimage\"},\"image\":{\"@id\":\"https:\\\/\\\/avant-garde-avocats.com\\\/en\\\/samuel-auger\\\/#primaryimage\"},\"thumbnailUrl\":\"https:\\\/\\\/avant-garde-avocats.com\\\/wp-content\\\/uploads\\\/2023\\\/01\\\/Me-Samuel-AUGER_JPG.webp\",\"datePublished\":\"2023-01-10T18:31:21+00:00\",\"dateModified\":\"2023-02-11T16:16:40+00:00\",\"breadcrumb\":{\"@id\":\"https:\\\/\\\/avant-garde-avocats.com\\\/en\\\/samuel-auger\\\/#breadcrumb\"},\"inLanguage\":\"en-GB\",\"potentialAction\":[{\"@type\":\"ReadAction\",\"target\":[\"https:\\\/\\\/avant-garde-avocats.com\\\/en\\\/samuel-auger\\\/\"]}]},{\"@type\":\"ImageObject\",\"inLanguage\":\"en-GB\",\"@id\":\"https:\\\/\\\/avant-garde-avocats.com\\\/en\\\/samuel-auger\\\/#primaryimage\",\"url\":\"https:\\\/\\\/avant-garde-avocats.com\\\/wp-content\\\/uploads\\\/2023\\\/01\\\/Me-Samuel-AUGER_JPG.webp\",\"contentUrl\":\"https:\\\/\\\/avant-garde-avocats.com\\\/wp-content\\\/uploads\\\/2023\\\/01\\\/Me-Samuel-AUGER_JPG.webp\"},{\"@type\":\"BreadcrumbList\",\"@id\":\"https:\\\/\\\/avant-garde-avocats.com\\\/en\\\/samuel-auger\\\/#breadcrumb\",\"itemListElement\":[{\"@type\":\"ListItem\",\"position\":1,\"name\":\"Accueil\",\"item\":\"https:\\\/\\\/avant-garde-avocats.com\\\/\"},{\"@type\":\"ListItem\",\"position\":2,\"name\":\"Samuel Auger\"}]},{\"@type\":\"WebSite\",\"@id\":\"https:\\\/\\\/avant-garde-avocats.com\\\/#website\",\"url\":\"https:\\\/\\\/avant-garde-avocats.com\\\/\",\"name\":\"Avant-Garde Avocats\",\"description\":\"\",\"publisher\":{\"@id\":\"https:\\\/\\\/avant-garde-avocats.com\\\/#organization\"},\"potentialAction\":[{\"@type\":\"SearchAction\",\"target\":{\"@type\":\"EntryPoint\",\"urlTemplate\":\"https:\\\/\\\/avant-garde-avocats.com\\\/?s={search_term_string}\"},\"query-input\":{\"@type\":\"PropertyValueSpecification\",\"valueRequired\":true,\"valueName\":\"search_term_string\"}}],\"inLanguage\":\"en-GB\"},{\"@type\":\"Organization\",\"@id\":\"https:\\\/\\\/avant-garde-avocats.com\\\/#organization\",\"name\":\"Avant-Garde Avocats\",\"url\":\"https:\\\/\\\/avant-garde-avocats.com\\\/\",\"logo\":{\"@type\":\"ImageObject\",\"inLanguage\":\"en-GB\",\"@id\":\"https:\\\/\\\/avant-garde-avocats.com\\\/#\\\/schema\\\/logo\\\/image\\\/\",\"url\":\"https:\\\/\\\/i0.wp.com\\\/avant-garde-avocats.com\\\/wp-content\\\/uploads\\\/2023\\\/01\\\/Logo_Haut.webp?fit=356%2C104&ssl=1\",\"contentUrl\":\"https:\\\/\\\/i0.wp.com\\\/avant-garde-avocats.com\\\/wp-content\\\/uploads\\\/2023\\\/01\\\/Logo_Haut.webp?fit=356%2C104&ssl=1\",\"width\":356,\"height\":104,\"caption\":\"Avant-Garde Avocats\"},\"image\":{\"@id\":\"https:\\\/\\\/avant-garde-avocats.com\\\/#\\\/schema\\\/logo\\\/image\\\/\"}}]}<\/script>\n<!-- \/ Yoast SEO plugin. -->","yoast_head_json":{"title":"Samuel Auger - Avant-Garde Avocats","robots":{"index":"index","follow":"follow","max-snippet":"max-snippet:-1","max-image-preview":"max-image-preview:large","max-video-preview":"max-video-preview:-1"},"canonical":"https:\/\/avant-garde-avocats.com\/en\/samuel-auger\/","og_locale":"en_GB","og_type":"article","og_title":"Samuel Auger - Avant-Garde Avocats","og_description":"Samuel Auger \u00c0 propos Me Samuel AUGER exerce en qualit\u00e9 de de notaire associ\u00e9 au sein de l&rsquo;office Victoires notaires associ\u00e9s depuis 2013. https:\/\/victoires-notaires-paris.notaires.fr \u200b Sp\u00e9cialiste de droit de la famille, des successions et lib\u00e9ralit\u00e9s pour les artistes et auteurs de tous les domaines de l\u2019Art, il a d\u00e9velopp\u00e9 avec &hellip;","og_url":"https:\/\/avant-garde-avocats.com\/en\/samuel-auger\/","og_site_name":"Avant-Garde Avocats","article_modified_time":"2023-02-11T16:16:40+00:00","og_image":[{"url":"https:\/\/avant-garde-avocats.com\/wp-content\/uploads\/2023\/01\/Me-Samuel-AUGER_JPG.webp","type":"","width":"","height":""}],"twitter_card":"summary_large_image","twitter_misc":{"Estimated reading time":"1 minute"},"schema":{"@context":"https:\/\/schema.org","@graph":[{"@type":"WebPage","@id":"https:\/\/avant-garde-avocats.com\/en\/samuel-auger\/","url":"https:\/\/avant-garde-avocats.com\/en\/samuel-auger\/","name":"Samuel Auger - Avant-Garde Avocats","isPartOf":{"@id":"https:\/\/avant-garde-avocats.com\/#website"},"primaryImageOfPage":{"@id":"https:\/\/avant-garde-avocats.com\/en\/samuel-auger\/#primaryimage"},"image":{"@id":"https:\/\/avant-garde-avocats.com\/en\/samuel-auger\/#primaryimage"},"thumbnailUrl":"https:\/\/avant-garde-avocats.com\/wp-content\/uploads\/2023\/01\/Me-Samuel-AUGER_JPG.webp","datePublished":"2023-01-10T18:31:21+00:00","dateModified":"2023-02-11T16:16:40+00:00","breadcrumb":{"@id":"https:\/\/avant-garde-avocats.com\/en\/samuel-auger\/#breadcrumb"},"inLanguage":"en-GB","potentialAction":[{"@type":"ReadAction","target":["https:\/\/avant-garde-avocats.com\/en\/samuel-auger\/"]}]},{"@type":"ImageObject","inLanguage":"en-GB","@id":"https:\/\/avant-garde-avocats.com\/en\/samuel-auger\/#primaryimage","url":"https:\/\/avant-garde-avocats.com\/wp-content\/uploads\/2023\/01\/Me-Samuel-AUGER_JPG.webp","contentUrl":"https:\/\/avant-garde-avocats.com\/wp-content\/uploads\/2023\/01\/Me-Samuel-AUGER_JPG.webp"},{"@type":"BreadcrumbList","@id":"https:\/\/avant-garde-avocats.com\/en\/samuel-auger\/#breadcrumb","itemListElement":[{"@type":"ListItem","position":1,"name":"Accueil","item":"https:\/\/avant-garde-avocats.com\/"},{"@type":"ListItem","position":2,"name":"Samuel Auger"}]},{"@type":"WebSite","@id":"https:\/\/avant-garde-avocats.com\/#website","url":"https:\/\/avant-garde-avocats.com\/","name":"Avant-Garde Avocats","description":"","publisher":{"@id":"https:\/\/avant-garde-avocats.com\/#organization"},"potentialAction":[{"@type":"SearchAction","target":{"@type":"EntryPoint","urlTemplate":"https:\/\/avant-garde-avocats.com\/?s={search_term_string}"},"query-input":{"@type":"PropertyValueSpecification","valueRequired":true,"valueName":"search_term_string"}}],"inLanguage":"en-GB"},{"@type":"Organization","@id":"https:\/\/avant-garde-avocats.com\/#organization","name":"Avant-Garde Avocats","url":"https:\/\/avant-garde-avocats.com\/","logo":{"@type":"ImageObject","inLanguage":"en-GB","@id":"https:\/\/avant-garde-avocats.com\/#\/schema\/logo\/image\/","url":"https:\/\/i0.wp.com\/avant-garde-avocats.com\/wp-content\/uploads\/2023\/01\/Logo_Haut.webp?fit=356%2C104&ssl=1","contentUrl":"https:\/\/i0.wp.com\/avant-garde-avocats.com\/wp-content\/uploads\/2023\/01\/Logo_Haut.webp?fit=356%2C104&ssl=1","width":356,"height":104,"caption":"Avant-Garde Avocats"},"image":{"@id":"https:\/\/avant-garde-avocats.com\/#\/schema\/logo\/image\/"}}]}},"jetpack_sharing_enabled":true,"_links":{"self":[{"href":"https:\/\/avant-garde-avocats.com\/en\/wp-json\/wp\/v2\/pages\/473","targetHints":{"allow":["GET"]}}],"collection":[{"href":"https:\/\/avant-garde-avocats.com\/en\/wp-json\/wp\/v2\/pages"}],"about":[{"href":"https:\/\/avant-garde-avocats.com\/en\/wp-json\/wp\/v2\/types\/page"}],"author":[{"embeddable":true,"href":"https:\/\/avant-garde-avocats.com\/en\/wp-json\/wp\/v2\/users\/1"}],"replies":[{"embeddable":true,"href":"https:\/\/avant-garde-avocats.com\/en\/wp-json\/wp\/v2\/comments?post=473"}],"version-history":[{"count":0,"href":"https:\/\/avant-garde-avocats.com\/en\/wp-json\/wp\/v2\/pages\/473\/revisions"}],"wp:attachment":[{"href":"https:\/\/avant-garde-avocats.com\/en\/wp-json\/wp\/v2\/media?parent=473"}],"curies":[{"name":"wp","href":"https:\/\/api.w.org\/{rel}","templated":true}]}}