{"id":1030,"date":"2023-02-05T19:52:41","date_gmt":"2023-02-05T18:52:41","guid":{"rendered":"http:\/\/agademo.youareontheweb.fr\/?page_id=1030"},"modified":"2023-02-05T19:54:26","modified_gmt":"2023-02-05T18:54:26","slug":"nicolas-duboille","status":"publish","type":"page","link":"https:\/\/avant-garde-avocats.com\/en\/nicolas-duboille\/","title":{"rendered":"Nicolas Duboille"},"content":{"rendered":"<div data-elementor-type=\"wp-page\" data-elementor-id=\"1030\" class=\"elementor elementor-1030\">\n\t\t\t\t\t\t<section class=\"elementor-section elementor-top-section elementor-element elementor-element-2f0303ce elementor-section-height-min-height elementor-section-boxed elementor-section-height-default elementor-section-items-middle\" data-id=\"2f0303ce\" data-element_type=\"section\" data-e-type=\"section\" data-settings=\"{&quot;background_background&quot;:&quot;classic&quot;}\">\n\t\t\t\t\t\t<div class=\"elementor-container elementor-column-gap-wider\">\n\t\t\t\t\t<div class=\"elementor-column elementor-col-50 elementor-top-column elementor-element elementor-element-372845dd\" data-id=\"372845dd\" data-element_type=\"column\" data-e-type=\"column\">\n\t\t\t<div class=\"elementor-widget-wrap elementor-element-populated\">\n\t\t\t\t\t\t<div class=\"elementor-element elementor-element-d0a20b6 elementor-widget elementor-widget-image\" data-id=\"d0a20b6\" data-element_type=\"widget\" data-e-type=\"widget\" data-widget_type=\"image.default\">\n\t\t\t\t\t\t\t\t\t\t\t\t\t\t\t<img fetchpriority=\"high\" decoding=\"async\" data-attachment-id=\"713\" data-permalink=\"https:\/\/avant-garde-avocats.com\/en\/?attachment_id=713\" data-orig-file=\"https:\/\/i0.wp.com\/avant-garde-avocats.com\/wp-content\/uploads\/2023\/01\/nicolas.jpg?fit=498%2C749&amp;ssl=1\" data-orig-size=\"498,749\" data-comments-opened=\"1\" data-image-meta=\"{&quot;aperture&quot;:&quot;0&quot;,&quot;credit&quot;:&quot;&quot;,&quot;camera&quot;:&quot;&quot;,&quot;caption&quot;:&quot;&quot;,&quot;created_timestamp&quot;:&quot;0&quot;,&quot;copyright&quot;:&quot;&quot;,&quot;focal_length&quot;:&quot;0&quot;,&quot;iso&quot;:&quot;0&quot;,&quot;shutter_speed&quot;:&quot;0&quot;,&quot;title&quot;:&quot;&quot;,&quot;orientation&quot;:&quot;0&quot;}\" data-image-title=\"nicolas\" data-image-description=\"\" data-image-caption=\"\" data-large-file=\"https:\/\/i0.wp.com\/avant-garde-avocats.com\/wp-content\/uploads\/2023\/01\/nicolas.jpg?fit=498%2C749&amp;ssl=1\" width=\"498\" height=\"749\" src=\"https:\/\/i0.wp.com\/avant-garde-avocats.com\/wp-content\/uploads\/2023\/01\/nicolas.jpg?fit=498%2C749&amp;ssl=1\" class=\"attachment-full size-full wp-image-713\" alt=\"\" srcset=\"https:\/\/i0.wp.com\/avant-garde-avocats.com\/wp-content\/uploads\/2023\/01\/nicolas.jpg?w=498&amp;ssl=1 498w, https:\/\/i0.wp.com\/avant-garde-avocats.com\/wp-content\/uploads\/2023\/01\/nicolas.jpg?resize=199%2C300&amp;ssl=1 199w, https:\/\/i0.wp.com\/avant-garde-avocats.com\/wp-content\/uploads\/2023\/01\/nicolas.jpg?resize=8%2C12&amp;ssl=1 8w, https:\/\/i0.wp.com\/avant-garde-avocats.com\/wp-content\/uploads\/2023\/01\/nicolas.jpg?resize=233%2C350&amp;ssl=1 233w\" sizes=\"(max-width: 498px) 100vw, 498px\" \/>\t\t\t\t\t\t\t\t\t\t\t\t\t\t\t<\/div>\n\t\t\t\t\t<\/div>\n\t\t<\/div>\n\t\t\t\t<div class=\"elementor-column elementor-col-50 elementor-top-column elementor-element elementor-element-52d13ca3\" data-id=\"52d13ca3\" data-element_type=\"column\" data-e-type=\"column\">\n\t\t\t<div class=\"elementor-widget-wrap elementor-element-populated\">\n\t\t\t\t\t\t<div class=\"elementor-element elementor-element-476b3600 elementor-widget elementor-widget-heading\" data-id=\"476b3600\" data-element_type=\"widget\" data-e-type=\"widget\" data-widget_type=\"heading.default\">\n\t\t\t\t\t<h1 class=\"elementor-heading-title elementor-size-default\">Nicolas DUBOILLE<\/h1>\t\t\t\t<\/div>\n\t\t\t\t\t<\/div>\n\t\t<\/div>\n\t\t\t\t\t<\/div>\n\t\t<\/section>\n\t\t\t\t<section class=\"elementor-section elementor-top-section elementor-element elementor-element-6c19e165 elementor-section-boxed elementor-section-height-default elementor-section-height-default\" data-id=\"6c19e165\" data-element_type=\"section\" data-e-type=\"section\">\n\t\t\t\t\t\t<div class=\"elementor-container elementor-column-gap-default\">\n\t\t\t\t\t<div class=\"elementor-column elementor-col-100 elementor-top-column elementor-element elementor-element-5dca7979\" data-id=\"5dca7979\" data-element_type=\"column\" data-e-type=\"column\">\n\t\t\t<div class=\"elementor-widget-wrap elementor-element-populated\">\n\t\t\t\t\t\t<div class=\"elementor-element elementor-element-2083747a elementor-widget elementor-widget-heading\" data-id=\"2083747a\" data-element_type=\"widget\" data-e-type=\"widget\" data-widget_type=\"heading.default\">\n\t\t\t\t\t<h3 class=\"elementor-heading-title elementor-size-default\">Expertise<\/h3>\t\t\t\t<\/div>\n\t\t\t\t<div class=\"elementor-element elementor-element-7203a483 elementor-widget elementor-widget-text-editor\" data-id=\"7203a483\" data-element_type=\"widget\" data-e-type=\"widget\" data-widget_type=\"text-editor.default\">\n\t\t\t\t\t\t\t\t\t<p>Nicolas Duboille is a renowned tax lawyer with more than 20 years of professional experience. He has sought-after expertise, particularly in the fields of international taxation, taxation of investment funds and asset management, property taxation and taxation of the natural resources sector.<br \/><br \/>He has developed expertise in tax law applied to transactions on crypto-assets, Defi start-ups and NFT market platform.<br \/><br \/>He works for a diversified clientele, made up of French and foreign companies, investment funds and management companies, financial institutions and individuals.<br \/><br \/>He also works as an expert with States, local authorities and NGOs.<br \/>He is regularly ranked by professional guides among the best French tax experts.<br \/><br \/>Nicolas Duboille is a lawyer at the Bars of Paris (CAPA 1999) and New York (New York State Bar Exam 2006).<\/p>\t\t\t\t\t\t\t\t<\/div>\n\t\t\t\t<div class=\"elementor-element elementor-element-573775f elementor-widget elementor-widget-heading\" data-id=\"573775f\" data-element_type=\"widget\" data-e-type=\"widget\" data-widget_type=\"heading.default\">\n\t\t\t\t\t<h3 class=\"elementor-heading-title elementor-size-default\">BEFORE SUMERSON<\/h3>\t\t\t\t<\/div>\n\t\t\t\t<div class=\"elementor-element elementor-element-58be164 elementor-widget elementor-widget-text-editor\" data-id=\"58be164\" data-element_type=\"widget\" data-e-type=\"widget\" data-widget_type=\"text-editor.default\">\n\t\t\t\t\t\t\t\t\t<p>Before founding Sumerson with part of the team he led at Simmons &amp; Simmons, Nicolas Duboille practiced in the following firms:<\/p>\t\t\t\t\t\t\t\t<\/div>\n\t\t\t\t<div class=\"elementor-element elementor-element-e8b0328 elementor-widget elementor-widget-text-editor\" data-id=\"e8b0328\" data-element_type=\"widget\" data-e-type=\"widget\" data-widget_type=\"text-editor.default\">\n\t\t\t\t\t\t\t\t\t<ul><li>Deloitte &amp; Touche JF (later Taj)<\/li><li>Jones Day<\/li><li>Lovells (now Hogan Lovells)<\/li><li>Latournerie Wolfrom (where he created and directed the tax practice)<\/li><li>Granrut (in which he was a partner for 7 years, in charge of the firm&#039;s tax practice)<\/li><li>Simmons &amp; Simmons (where he was Partner, Head of Tax)<\/li><\/ul>\t\t\t\t\t\t\t\t<\/div>\n\t\t\t\t<div class=\"elementor-element elementor-element-63298fd elementor-widget elementor-widget-heading\" data-id=\"63298fd\" data-element_type=\"widget\" data-e-type=\"widget\" data-widget_type=\"heading.default\">\n\t\t\t\t\t<h3 class=\"elementor-heading-title elementor-size-default\">TRAINING<\/h3>\t\t\t\t<\/div>\n\t\t\t\t<div class=\"elementor-element elementor-element-bc499c5 elementor-widget elementor-widget-text-editor\" data-id=\"bc499c5\" data-element_type=\"widget\" data-e-type=\"widget\" data-widget_type=\"text-editor.default\">\n\t\t\t\t\t\t\t\t\t<p>Comparative Tax and Administration Program, Harvard University, Harvard Kennedy School of Government\u00a0<br \/><br \/>LLM in International Taxation, New York University School of Law (training ranked n\u00b01 in international taxation in the USA and worldwide)\u00a0<br \/><br \/>Cycle of Advanced Studies for Economic Development, Institute of Public Management and Economic Development (IGPDE)<br \/><br \/>Bar Training School of the Court of Appeal of Paris (EFB)\u00a0<br \/><br \/>DESS in Business Law, DEA in Public Finance and Taxation (University of Paris II Panth\u00e9on-Assas)<\/p>\t\t\t\t\t\t\t\t<\/div>\n\t\t\t\t<div class=\"elementor-element elementor-element-10b8d08 elementor-widget elementor-widget-heading\" data-id=\"10b8d08\" data-element_type=\"widget\" data-e-type=\"widget\" data-widget_type=\"heading.default\">\n\t\t\t\t\t<h3 class=\"elementor-heading-title elementor-size-default\">TEACHING ACTIVITIES<\/h3>\t\t\t\t<\/div>\n\t\t\t\t<div class=\"elementor-element elementor-element-c3f86a7 elementor-widget elementor-widget-text-editor\" data-id=\"c3f86a7\" data-element_type=\"widget\" data-e-type=\"widget\" data-widget_type=\"text-editor.default\">\n\t\t\t\t\t\t\t\t\t<p>Nicolas Duboille regularly teaches corporate taxation and international taxation at ESCP Europe (Grande Ecole course), in French and English, as well as within the framework of specialized Masters and DJCE.<br \/><br \/>He also occasionally works as a trainer for professional training organizations such as Comundi.<br \/><br \/>Nicolas is a member of the prestigious NYU School of Law International Practice Council, bringing together world experts in international taxation.<\/p>\t\t\t\t\t\t\t\t<\/div>\n\t\t\t\t<div class=\"elementor-element elementor-element-f58158d elementor-widget elementor-widget-heading\" data-id=\"f58158d\" data-element_type=\"widget\" data-e-type=\"widget\" data-widget_type=\"heading.default\">\n\t\t\t\t\t<h3 class=\"elementor-heading-title elementor-size-default\">COMMUNITY ACTIVITIES<\/h3>\t\t\t\t<\/div>\n\t\t\t\t<div class=\"elementor-element elementor-element-ae617d0 elementor-widget elementor-widget-text-editor\" data-id=\"ae617d0\" data-element_type=\"widget\" data-e-type=\"widget\" data-widget_type=\"text-editor.default\">\n\t\t\t\t\t\t\t\t\t<p>Member of the International Fiscal Association (IFA), the Institute of Tax Lawyers (IACF), the International Association of Young Lawyers (AIJA), the Global Equity Organization (GEO).<\/p>\t\t\t\t\t\t\t\t<\/div>\n\t\t\t\t<div class=\"elementor-element elementor-element-cab501c elementor-widget elementor-widget-heading\" data-id=\"cab501c\" data-element_type=\"widget\" data-e-type=\"widget\" data-widget_type=\"heading.default\">\n\t\t\t\t\t<h3 class=\"elementor-heading-title elementor-size-default\">PUBLICATIONS \/ PRESENTATIONS<\/h3>\t\t\t\t<\/div>\n\t\t\t\t<div class=\"elementor-element elementor-element-6bad265 elementor-widget elementor-widget-text-editor\" data-id=\"6bad265\" data-element_type=\"widget\" data-e-type=\"widget\" data-widget_type=\"text-editor.default\">\n\t\t\t\t\t\t\t\t\t<p>Nicolas Duboille is a frequent speaker at conferences or seminars on the topics of French and international taxation, or tax policy.<br \/><br \/>He regularly publishes articles or studies in the field of tax law. For example, he is the author of the French part of the IBFD guide on the Taxation of Investment Funds.<\/p>\t\t\t\t\t\t\t\t<\/div>\n\t\t\t\t\t<\/div>\n\t\t<\/div>\n\t\t\t\t\t<\/div>\n\t\t<\/section>\n\t\t\t\t<section class=\"elementor-section elementor-top-section elementor-element elementor-element-1a6dedbf elementor-section-boxed elementor-section-height-default elementor-section-height-default\" data-id=\"1a6dedbf\" data-element_type=\"section\" data-e-type=\"section\" id=\"xs_cta_style_15\">\n\t\t\t\t\t\t<div class=\"elementor-container elementor-column-gap-default\">\n\t\t\t\t\t<div class=\"elementor-column elementor-col-100 elementor-top-column elementor-element elementor-element-3e7c4086\" data-id=\"3e7c4086\" data-element_type=\"column\" data-e-type=\"column\">\n\t\t\t<div class=\"elementor-widget-wrap elementor-element-populated\">\n\t\t\t\t\t\t<div class=\"elementor-element elementor-element-40401b23 elementor-align--mobilecenter elementor-align-center elementor-widget elementor-widget-elementskit-button\" data-id=\"40401b23\" data-element_type=\"widget\" data-e-type=\"widget\" data-widget_type=\"elementskit-button.default\">\n\t\t\t\t\t<div class=\"ekit-wid-con\" >\t\t<div class=\"ekit-btn-wraper\">\n\t\t\t\t\t\t\t<a href=\"https:\/\/sumerson.com\/index.php\/staff\/nicolas-duboille\/\" class=\"elementskit-btn  whitespace--normal\" id=\"\">\n\t\t\t\t\tSumerson\t\t\t\t<\/a>\n\t\t\t\t\t<\/div>\n        <\/div>\t\t\t\t<\/div>\n\t\t\t\t\t<\/div>\n\t\t<\/div>\n\t\t\t\t\t<\/div>\n\t\t<\/section>\n\t\t\t\t<\/div>","protected":false},"excerpt":{"rendered":"<p>Nicolas DUBOILLE Expertises Nicolas Duboille is a renowned tax lawyer with more than 20 years of professional experience. He has sought-after expertise, particularly in the fields of international taxation, taxation of investment funds and asset management, property taxation and taxation of the resource sector...<\/p>","protected":false},"author":1,"featured_media":0,"parent":0,"menu_order":0,"comment_status":"closed","ping_status":"closed","template":"elementor_header_footer","meta":{"footnotes":"","_links_to":"","_links_to_target":""},"class_list":["post-1030","page","type-page","status-publish","hentry"],"yoast_head":"<!-- This site is optimized with the Yoast SEO plugin v27.4 - https:\/\/yoast.com\/product\/yoast-seo-wordpress\/ -->\n<title>Nicolas Duboille - Avant-Garde Avocats<\/title>\n<meta name=\"robots\" content=\"index, follow, max-snippet:-1, max-image-preview:large, max-video-preview:-1\" \/>\n<link rel=\"canonical\" href=\"https:\/\/avant-garde-avocats.com\/en\/nicolas-duboille\/\" \/>\n<meta property=\"og:locale\" content=\"en_GB\" \/>\n<meta property=\"og:type\" content=\"article\" \/>\n<meta property=\"og:title\" content=\"Nicolas Duboille - Avant-Garde Avocats\" \/>\n<meta property=\"og:description\" content=\"Nicolas DUBOILLE Expertises Nicolas Duboille est un avocat fiscaliste renomm\u00e9 disposant d\u2019une exp\u00e9rience professionnelle de plus de 20 ann\u00e9es. Il dispose d\u2019une expertise recherch\u00e9e, notamment dans les domaines de la fiscalit\u00e9 internationale, la fiscalit\u00e9 des fonds d\u2019investissement et asset management, la fiscalit\u00e9 immobili\u00e8re et la fiscalit\u00e9 du secteur des ressources &hellip;\" \/>\n<meta property=\"og:url\" content=\"https:\/\/avant-garde-avocats.com\/en\/nicolas-duboille\/\" \/>\n<meta property=\"og:site_name\" content=\"Avant-Garde Avocats\" \/>\n<meta property=\"article:modified_time\" content=\"2023-02-05T18:54:26+00:00\" \/>\n<meta property=\"og:image\" content=\"https:\/\/avant-garde-avocats.com\/wp-content\/uploads\/2023\/01\/nicolas.jpg\" \/>\n<meta name=\"twitter:card\" content=\"summary_large_image\" \/>\n<meta name=\"twitter:label1\" content=\"Estimated reading time\" \/>\n\t<meta name=\"twitter:data1\" content=\"3 minutes\" \/>\n<script type=\"application\/ld+json\" class=\"yoast-schema-graph\">{\"@context\":\"https:\\\/\\\/schema.org\",\"@graph\":[{\"@type\":\"WebPage\",\"@id\":\"https:\\\/\\\/avant-garde-avocats.com\\\/en\\\/nicolas-duboille\\\/\",\"url\":\"https:\\\/\\\/avant-garde-avocats.com\\\/en\\\/nicolas-duboille\\\/\",\"name\":\"Nicolas Duboille - Avant-Garde Avocats\",\"isPartOf\":{\"@id\":\"https:\\\/\\\/avant-garde-avocats.com\\\/#website\"},\"primaryImageOfPage\":{\"@id\":\"https:\\\/\\\/avant-garde-avocats.com\\\/en\\\/nicolas-duboille\\\/#primaryimage\"},\"image\":{\"@id\":\"https:\\\/\\\/avant-garde-avocats.com\\\/en\\\/nicolas-duboille\\\/#primaryimage\"},\"thumbnailUrl\":\"https:\\\/\\\/avant-garde-avocats.com\\\/wp-content\\\/uploads\\\/2023\\\/01\\\/nicolas.jpg\",\"datePublished\":\"2023-02-05T18:52:41+00:00\",\"dateModified\":\"2023-02-05T18:54:26+00:00\",\"breadcrumb\":{\"@id\":\"https:\\\/\\\/avant-garde-avocats.com\\\/en\\\/nicolas-duboille\\\/#breadcrumb\"},\"inLanguage\":\"en-GB\",\"potentialAction\":[{\"@type\":\"ReadAction\",\"target\":[\"https:\\\/\\\/avant-garde-avocats.com\\\/en\\\/nicolas-duboille\\\/\"]}]},{\"@type\":\"ImageObject\",\"inLanguage\":\"en-GB\",\"@id\":\"https:\\\/\\\/avant-garde-avocats.com\\\/en\\\/nicolas-duboille\\\/#primaryimage\",\"url\":\"https:\\\/\\\/avant-garde-avocats.com\\\/wp-content\\\/uploads\\\/2023\\\/01\\\/nicolas.jpg\",\"contentUrl\":\"https:\\\/\\\/avant-garde-avocats.com\\\/wp-content\\\/uploads\\\/2023\\\/01\\\/nicolas.jpg\"},{\"@type\":\"BreadcrumbList\",\"@id\":\"https:\\\/\\\/avant-garde-avocats.com\\\/en\\\/nicolas-duboille\\\/#breadcrumb\",\"itemListElement\":[{\"@type\":\"ListItem\",\"position\":1,\"name\":\"Accueil\",\"item\":\"https:\\\/\\\/avant-garde-avocats.com\\\/\"},{\"@type\":\"ListItem\",\"position\":2,\"name\":\"Nicolas Duboille\"}]},{\"@type\":\"WebSite\",\"@id\":\"https:\\\/\\\/avant-garde-avocats.com\\\/#website\",\"url\":\"https:\\\/\\\/avant-garde-avocats.com\\\/\",\"name\":\"Avant-Garde Avocats\",\"description\":\"\",\"publisher\":{\"@id\":\"https:\\\/\\\/avant-garde-avocats.com\\\/#organization\"},\"potentialAction\":[{\"@type\":\"SearchAction\",\"target\":{\"@type\":\"EntryPoint\",\"urlTemplate\":\"https:\\\/\\\/avant-garde-avocats.com\\\/?s={search_term_string}\"},\"query-input\":{\"@type\":\"PropertyValueSpecification\",\"valueRequired\":true,\"valueName\":\"search_term_string\"}}],\"inLanguage\":\"en-GB\"},{\"@type\":\"Organization\",\"@id\":\"https:\\\/\\\/avant-garde-avocats.com\\\/#organization\",\"name\":\"Avant-Garde Avocats\",\"url\":\"https:\\\/\\\/avant-garde-avocats.com\\\/\",\"logo\":{\"@type\":\"ImageObject\",\"inLanguage\":\"en-GB\",\"@id\":\"https:\\\/\\\/avant-garde-avocats.com\\\/#\\\/schema\\\/logo\\\/image\\\/\",\"url\":\"https:\\\/\\\/i0.wp.com\\\/avant-garde-avocats.com\\\/wp-content\\\/uploads\\\/2023\\\/01\\\/Logo_Haut.webp?fit=356%2C104&ssl=1\",\"contentUrl\":\"https:\\\/\\\/i0.wp.com\\\/avant-garde-avocats.com\\\/wp-content\\\/uploads\\\/2023\\\/01\\\/Logo_Haut.webp?fit=356%2C104&ssl=1\",\"width\":356,\"height\":104,\"caption\":\"Avant-Garde Avocats\"},\"image\":{\"@id\":\"https:\\\/\\\/avant-garde-avocats.com\\\/#\\\/schema\\\/logo\\\/image\\\/\"}}]}<\/script>\n<!-- \/ Yoast SEO plugin. -->","yoast_head_json":{"title":"Nicolas Duboille - Avant-Garde Avocats","robots":{"index":"index","follow":"follow","max-snippet":"max-snippet:-1","max-image-preview":"max-image-preview:large","max-video-preview":"max-video-preview:-1"},"canonical":"https:\/\/avant-garde-avocats.com\/en\/nicolas-duboille\/","og_locale":"en_GB","og_type":"article","og_title":"Nicolas Duboille - Avant-Garde Avocats","og_description":"Nicolas DUBOILLE Expertises Nicolas Duboille est un avocat fiscaliste renomm\u00e9 disposant d\u2019une exp\u00e9rience professionnelle de plus de 20 ann\u00e9es. Il dispose d\u2019une expertise recherch\u00e9e, notamment dans les domaines de la fiscalit\u00e9 internationale, la fiscalit\u00e9 des fonds d\u2019investissement et asset management, la fiscalit\u00e9 immobili\u00e8re et la fiscalit\u00e9 du secteur des ressources &hellip;","og_url":"https:\/\/avant-garde-avocats.com\/en\/nicolas-duboille\/","og_site_name":"Avant-Garde Avocats","article_modified_time":"2023-02-05T18:54:26+00:00","og_image":[{"url":"https:\/\/avant-garde-avocats.com\/wp-content\/uploads\/2023\/01\/nicolas.jpg","type":"","width":"","height":""}],"twitter_card":"summary_large_image","twitter_misc":{"Estimated reading time":"3 minutes"},"schema":{"@context":"https:\/\/schema.org","@graph":[{"@type":"WebPage","@id":"https:\/\/avant-garde-avocats.com\/en\/nicolas-duboille\/","url":"https:\/\/avant-garde-avocats.com\/en\/nicolas-duboille\/","name":"Nicolas Duboille - Avant-Garde Avocats","isPartOf":{"@id":"https:\/\/avant-garde-avocats.com\/#website"},"primaryImageOfPage":{"@id":"https:\/\/avant-garde-avocats.com\/en\/nicolas-duboille\/#primaryimage"},"image":{"@id":"https:\/\/avant-garde-avocats.com\/en\/nicolas-duboille\/#primaryimage"},"thumbnailUrl":"https:\/\/avant-garde-avocats.com\/wp-content\/uploads\/2023\/01\/nicolas.jpg","datePublished":"2023-02-05T18:52:41+00:00","dateModified":"2023-02-05T18:54:26+00:00","breadcrumb":{"@id":"https:\/\/avant-garde-avocats.com\/en\/nicolas-duboille\/#breadcrumb"},"inLanguage":"en-GB","potentialAction":[{"@type":"ReadAction","target":["https:\/\/avant-garde-avocats.com\/en\/nicolas-duboille\/"]}]},{"@type":"ImageObject","inLanguage":"en-GB","@id":"https:\/\/avant-garde-avocats.com\/en\/nicolas-duboille\/#primaryimage","url":"https:\/\/avant-garde-avocats.com\/wp-content\/uploads\/2023\/01\/nicolas.jpg","contentUrl":"https:\/\/avant-garde-avocats.com\/wp-content\/uploads\/2023\/01\/nicolas.jpg"},{"@type":"BreadcrumbList","@id":"https:\/\/avant-garde-avocats.com\/en\/nicolas-duboille\/#breadcrumb","itemListElement":[{"@type":"ListItem","position":1,"name":"Accueil","item":"https:\/\/avant-garde-avocats.com\/"},{"@type":"ListItem","position":2,"name":"Nicolas Duboille"}]},{"@type":"WebSite","@id":"https:\/\/avant-garde-avocats.com\/#website","url":"https:\/\/avant-garde-avocats.com\/","name":"Avant-Garde Avocats","description":"","publisher":{"@id":"https:\/\/avant-garde-avocats.com\/#organization"},"potentialAction":[{"@type":"SearchAction","target":{"@type":"EntryPoint","urlTemplate":"https:\/\/avant-garde-avocats.com\/?s={search_term_string}"},"query-input":{"@type":"PropertyValueSpecification","valueRequired":true,"valueName":"search_term_string"}}],"inLanguage":"en-GB"},{"@type":"Organization","@id":"https:\/\/avant-garde-avocats.com\/#organization","name":"Avant-Garde Avocats","url":"https:\/\/avant-garde-avocats.com\/","logo":{"@type":"ImageObject","inLanguage":"en-GB","@id":"https:\/\/avant-garde-avocats.com\/#\/schema\/logo\/image\/","url":"https:\/\/i0.wp.com\/avant-garde-avocats.com\/wp-content\/uploads\/2023\/01\/Logo_Haut.webp?fit=356%2C104&ssl=1","contentUrl":"https:\/\/i0.wp.com\/avant-garde-avocats.com\/wp-content\/uploads\/2023\/01\/Logo_Haut.webp?fit=356%2C104&ssl=1","width":356,"height":104,"caption":"Avant-Garde Avocats"},"image":{"@id":"https:\/\/avant-garde-avocats.com\/#\/schema\/logo\/image\/"}}]}},"jetpack_sharing_enabled":true,"_links":{"self":[{"href":"https:\/\/avant-garde-avocats.com\/en\/wp-json\/wp\/v2\/pages\/1030","targetHints":{"allow":["GET"]}}],"collection":[{"href":"https:\/\/avant-garde-avocats.com\/en\/wp-json\/wp\/v2\/pages"}],"about":[{"href":"https:\/\/avant-garde-avocats.com\/en\/wp-json\/wp\/v2\/types\/page"}],"author":[{"embeddable":true,"href":"https:\/\/avant-garde-avocats.com\/en\/wp-json\/wp\/v2\/users\/1"}],"replies":[{"embeddable":true,"href":"https:\/\/avant-garde-avocats.com\/en\/wp-json\/wp\/v2\/comments?post=1030"}],"version-history":[{"count":0,"href":"https:\/\/avant-garde-avocats.com\/en\/wp-json\/wp\/v2\/pages\/1030\/revisions"}],"wp:attachment":[{"href":"https:\/\/avant-garde-avocats.com\/en\/wp-json\/wp\/v2\/media?parent=1030"}],"curies":[{"name":"wp","href":"https:\/\/api.w.org\/{rel}","templated":true}]}}